{"id":426,"date":"2015-07-03T19:38:55","date_gmt":"2015-07-03T19:38:55","guid":{"rendered":"http:\/\/sg.exactas.uba.ar\/gestion\/blog\/?page_id=426"},"modified":"2025-09-10T18:02:02","modified_gmt":"2025-09-10T18:02:02","slug":"documentos","status":"publish","type":"page","link":"https:\/\/sg.exactas.uba.ar\/gestion\/blog\/documentos\/","title":{"rendered":"Documentos"},"content":{"rendered":"\n<div class=\"is-layout-flex wp-container-5 wp-block-columns\">\n<div class=\"is-layout-flow wp-block-column\">\n<h3>Manual de usuario de COMDOC<\/h3>\n\n\n\n<p><a href=\"http:\/\/sg.exactas.uba.ar\/gestion\/blog\/wp-content\/uploads\/Manual-de-Uso-COMDOC-1.pdf\" target=\"_blank\" rel=\"noreferrer noopener\"><img decoding=\"async\" loading=\"lazy\" class=\"alignnone size-full wp-image-1119\" src=\"http:\/\/sg.exactas.uba.ar\/gestion\/blog\/wp-content\/uploads\/2019\/07\/subsecretaria-de-gestion_exactas-documento-pdf.png\" alt=\"\" width=\"15\" height=\"20\"> Manual de usuario<\/a><\/p>\n<\/div>\n\n\n\n<div class=\"is-layout-flow wp-block-column\">\n<h3>Sistema Integral de Gesti\u00f3n Departamental (SiGeDep)<\/h3>\n\n\n\n<p><a href=\"https:\/\/sg.exactas.uba.ar\/gestion\/blog\/wp-content\/uploads\/Sistema-Integral-de-Gestion-Departamental_guia-de-uso.pdf\" target=\"_blank\" rel=\"noreferrer noopener\"><img decoding=\"async\" loading=\"lazy\" width=\"15\" height=\"20\" class=\"alignnone size-full wp-image-1119\" src=\"http:\/\/sg.exactas.uba.ar\/gestion\/blog\/wp-content\/uploads\/2019\/07\/subsecretaria-de-gestion_exactas-documento-pdf.png\" alt=\"\"> Manual de Usuario<\/a><\/p>\n<\/div>\n\n\n\n<div class=\"is-layout-flow wp-block-column\">\n<h3>Sistema de Gesti\u00f3n de la Inscripci\u00f3n y Admisi\u00f3n al Doctorado (SiGeDoc)<\/h3>\n\n\n\n<p><img decoding=\"async\" loading=\"lazy\" width=\"15\" height=\"20\" class=\"alignnone size-full wp-image-1119\" src=\"http:\/\/sg.exactas.uba.ar\/gestion\/blog\/wp-content\/uploads\/2019\/07\/subsecretaria-de-gestion_exactas-documento-pdf.png\" alt=\"\"> <a rel=\"noreferrer noopener\" href=\"https:\/\/sg.exactas.uba.ar\/gestion\/blog\/wp-content\/uploads\/Manual-de-uso-SiGeDoc.pdf\" target=\"_blank\">Manual de Usuario<\/a><\/p>\n\n\n\n<p><img decoding=\"async\" loading=\"lazy\" width=\"15\" height=\"20\" class=\"alignnone size-full wp-image-1119\" src=\"http:\/\/sg.exactas.uba.ar\/gestion\/blog\/wp-content\/uploads\/2019\/07\/subsecretaria-de-gestion_exactas-documento-pdf.png\" alt=\"\"> <a href=\"https:\/\/sg.exactas.uba.ar\/gestion\/blog\/wp-content\/uploads\/Diagrama-de-flujo-SiGeDoc.pdf\" data-type=\"attachment\" data-id=\"1994\" target=\"_blank\" rel=\"noreferrer noopener\">Diagrama de flujo<\/a><\/p>\n<\/div>\n\n\n\n<div class=\"is-layout-flow wp-block-column\">\n<h3>Organigramas<\/h3>\n\n\n\n<p><a href=\"https:\/\/sg.exactas.uba.ar\/gestion\/blog\/wp-content\/uploads\/20230615_organigrama_FCEyN.pdf\" target=\"_blank\" rel=\"noreferrer noopener\"><img decoding=\"async\" loading=\"lazy\" width=\"15\" height=\"20\" class=\"alignnone size-full wp-image-1119\" src=\"http:\/\/sg.exactas.uba.ar\/gestion\/blog\/wp-content\/uploads\/2019\/07\/subsecretaria-de-gestion_exactas-documento-pdf.png\" alt=\"\"> Organigramas de la administraci\u00f3n central de la FCEyN-UBA<\/a><\/p>\n<\/div>\n<\/div>\n\n\n\n<div class=\"is-layout-flex wp-container-9 wp-block-columns\">\n<div class=\"is-layout-flow wp-block-column\">\n<h3>Proyectos de gesti\u00f3n<\/h3>\n\n\n\n<p><a href=\"https:\/\/sg.exactas.uba.ar\/gestion\/blog\/wp-content\/uploads\/2016\/06\/20160330-POA-2016-2017-Subsecretari%CC%81a-de-Gestio%CC%81n-1.pdf\" target=\"_blank\" rel=\"noreferrer noopener\"><img decoding=\"async\" loading=\"lazy\" width=\"15\" height=\"20\" class=\"alignnone size-full wp-image-1119\" src=\"http:\/\/sg.exactas.uba.ar\/gestion\/blog\/wp-content\/uploads\/2019\/07\/subsecretaria-de-gestion_exactas-documento-pdf.png\" alt=\"\"> Plan Operativo 2016-2017, Subsecretar\u00eda de Gesti\u00f3n, FCEyN-UBA.<\/a><\/p>\n<\/div>\n\n\n\n<div class=\"is-layout-flow wp-block-column\">\n<h3>Actividades de mejora<\/h3>\n\n\n\n<p><a href=\"http:\/\/sg.exactas.uba.ar\/gestion\/blog\/wp-content\/uploads\/2016\/04\/20160419-guia-para-participantes-de-ERM.pdf\" target=\"_blank\" rel=\"noreferrer noopener\"><img decoding=\"async\" loading=\"lazy\" class=\"alignnone size-full wp-image-1119\" src=\"http:\/\/sg.exactas.uba.ar\/gestion\/blog\/wp-content\/uploads\/2019\/07\/subsecretaria-de-gestion_exactas-documento-pdf.png\" alt=\"\" width=\"15\" height=\"20\"> Gu\u00eda para participantes de Eventos R\u00e1pidos de Mejora, Subsecretar\u00eda de Gesti\u00f3n, FCEyN-UBA, 2016.<\/a><\/p>\n<\/div>\n\n\n\n<div class=\"is-layout-flow wp-block-column\">\n<h3>ERM01 &#8211; Inscripci\u00f3n a jura de t\u00edtulos<\/h3>\n\n\n\n<p><a rel=\"noopener\" href=\"http:\/\/sg.exactas.uba.ar\/gestion\/blog\/wp-content\/uploads\/2015\/07\/ERM00120141203-ficha-resumen-v3.pdf\" target=\"_blank\"><img decoding=\"async\" loading=\"lazy\" width=\"15\" height=\"20\" class=\"alignnone size-full wp-image-1119\" src=\"http:\/\/sg.exactas.uba.ar\/gestion\/blog\/wp-content\/uploads\/2019\/07\/subsecretaria-de-gestion_exactas-documento-pdf.png\" alt=\"\"> Ficha resumen ERM01<\/a>.<\/p>\n\n\n\n<p><a rel=\"noopener\" href=\"http:\/\/sg.exactas.uba.ar\/gestion\/blog\/wp-content\/uploads\/2015\/07\/C00120140710-reporte-de-evento-inscripcion-a-juras-v2.pdf\" target=\"_blank\"><img decoding=\"async\" loading=\"lazy\" width=\"15\" height=\"20\" class=\"alignnone size-full wp-image-1119\" src=\"http:\/\/sg.exactas.uba.ar\/gestion\/blog\/wp-content\/uploads\/2019\/07\/subsecretaria-de-gestion_exactas-documento-pdf.png\" alt=\"\"> Reporte ERM01<\/a>.<\/p>\n\n\n\n<p><a href=\"http:\/\/sg.exactas.uba.ar\/gestion\/blog\/wp-content\/uploads\/2015\/07\/20150526-Informe-de-seguimiento-ERM01-actualizacion-indicadores.pdf\" target=\"_blank\" rel=\"noreferrer noopener\"><img decoding=\"async\" loading=\"lazy\" width=\"15\" height=\"20\" class=\"alignnone size-full wp-image-1119\" src=\"http:\/\/sg.exactas.uba.ar\/gestion\/blog\/wp-content\/uploads\/2019\/07\/subsecretaria-de-gestion_exactas-documento-pdf.png\" alt=\"\"> Informe de seguimiento 26\/05\/2015<\/a>.<\/p>\n<\/div>\n<\/div>\n\n\n\n<div class=\"is-layout-flex wp-container-13 wp-block-columns\">\n<div class=\"is-layout-flow wp-block-column\">\n<h3>ERM02 &#8211; Solicitud de designaci\u00f3n de docentes<\/h3>\n\n\n\n<p><a rel=\"noreferrer noopener\" href=\"http:\/\/sg.exactas.uba.ar\/gestion\/blog\/wp-content\/uploads\/2015\/07\/ERM00220141217-ficha-resumen.pdf\" target=\"_blank\"><img decoding=\"async\" loading=\"lazy\" width=\"15\" height=\"20\" class=\"alignnone size-full wp-image-1119\" src=\"http:\/\/sg.exactas.uba.ar\/gestion\/blog\/wp-content\/uploads\/2019\/07\/subsecretaria-de-gestion_exactas-documento-pdf.png\" alt=\"\"> Ficha resumen ERM02<\/a>.<\/p>\n\n\n\n<p><a href=\"http:\/\/sg.exactas.uba.ar\/gestion\/blog\/wp-content\/uploads\/2015\/07\/C00220150708-reporte-ERM-designacion-de-docentes-auxiliares-v2.pdf\" target=\"_blank\" rel=\"noreferrer noopener\"><img decoding=\"async\" loading=\"lazy\" width=\"15\" height=\"20\" class=\"alignnone size-full wp-image-1119\" src=\"http:\/\/sg.exactas.uba.ar\/gestion\/blog\/wp-content\/uploads\/2019\/07\/subsecretaria-de-gestion_exactas-documento-pdf.png\" alt=\"\"> Reporte ERM02<\/a>.<\/p>\n<\/div>\n\n\n\n<div class=\"is-layout-flow wp-block-column\">\n<h3>ERM03 &#8211; Notas asociadas a solicitud de designaci\u00f3n de docentes<\/h3>\n\n\n\n<p><a href=\"https:\/\/sg.exactas.uba.ar\/gestion\/blog\/wp-content\/uploads\/2015\/09\/ERM00320150922-ficha-resumen.pdf\"><img decoding=\"async\" loading=\"lazy\" width=\"15\" height=\"20\" class=\"alignnone size-full wp-image-1119\" src=\"http:\/\/sg.exactas.uba.ar\/gestion\/blog\/wp-content\/uploads\/2019\/07\/subsecretaria-de-gestion_exactas-documento-pdf.png\" alt=\"\"> Ficha resumen ERM03.<\/a><\/p>\n\n\n\n<p><a href=\"http:\/\/sg.exactas.uba.ar\/gestion\/blog\/wp-content\/uploads\/2015\/11\/20150924-reporte-ERM03.pdf\"><img decoding=\"async\" loading=\"lazy\" width=\"15\" height=\"20\" class=\"alignnone size-full wp-image-1119\" src=\"http:\/\/sg.exactas.uba.ar\/gestion\/blog\/wp-content\/uploads\/2019\/07\/subsecretaria-de-gestion_exactas-documento-pdf.png\" alt=\"\"> Reporte ERM03.<\/a><\/p>\n\n\n\n<p><a href=\"http:\/\/sg.exactas.uba.ar\/gestion\/blog\/wp-content\/uploads\/2016\/03\/20160318-minuta-reunion-ERM3.pdf\"><img decoding=\"async\" loading=\"lazy\" width=\"15\" height=\"20\" class=\"alignnone size-full wp-image-1119\" src=\"http:\/\/sg.exactas.uba.ar\/gestion\/blog\/wp-content\/uploads\/2019\/07\/subsecretaria-de-gestion_exactas-documento-pdf.png\" alt=\"\"> Minuta reuni\u00f3n de seguimiento 18\/03\/2016<\/a>.<\/p>\n\n\n\n<p><a href=\"http:\/\/sg.exactas.uba.ar\/gestion\/blog\/wp-content\/uploads\/2016\/08\/20160714-minuta-reunion-cierre-ERM3.pdf\"><img decoding=\"async\" loading=\"lazy\" width=\"15\" height=\"20\" class=\"alignnone size-full wp-image-1119\" src=\"http:\/\/sg.exactas.uba.ar\/gestion\/blog\/wp-content\/uploads\/2019\/07\/subsecretaria-de-gestion_exactas-documento-pdf.png\" alt=\"\"> Minuta reuni\u00f3n de cierre 14\/07\/2016<\/a>.<\/p>\n<\/div>\n\n\n\n<div class=\"is-layout-flow wp-block-column\">\n<h3>ERM04 &#8211; Mapeo de procesos en el Departamento de T\u00edtulos<\/h3>\n\n\n\n<p><a href=\"http:\/\/sg.exactas.uba.ar\/gestion\/blog\/wp-content\/uploads\/2016\/06\/Ficha-Resumen-ERM00420160607.pdf\" target=\"_blank\" rel=\"noreferrer noopener\"><img decoding=\"async\" loading=\"lazy\" width=\"15\" height=\"20\" class=\"alignnone size-full wp-image-1119\" src=\"http:\/\/sg.exactas.uba.ar\/gestion\/blog\/wp-content\/uploads\/2019\/07\/subsecretaria-de-gestion_exactas-documento-pdf.png\" alt=\"\"> Ficha resumen ERM04.<\/a><\/p>\n\n\n\n<p><a href=\"http:\/\/sg.exactas.uba.ar\/gestion\/blog\/wp-content\/uploads\/2016\/06\/Reporte-de-Evento-Ra\u0301pido-de-Mejora04.pdf\" target=\"_blank\" rel=\"noreferrer noopener\"><img decoding=\"async\" loading=\"lazy\" width=\"15\" height=\"20\" class=\"alignnone size-full wp-image-1119\" src=\"http:\/\/sg.exactas.uba.ar\/gestion\/blog\/wp-content\/uploads\/2019\/07\/subsecretaria-de-gestion_exactas-documento-pdf.png\" alt=\"\"> Reporte ERM04.<\/a><\/p>\n<\/div>\n<\/div>\n\n\n\n<p><\/p>\n","protected":false},"excerpt":{"rendered":"<p>Manual de usuario de COMDOC Manual de usuario Sistema Integral de Gesti\u00f3n Departamental (SiGeDep) Manual de Usuario Sistema de Gesti\u00f3n de la Inscripci\u00f3n y Admisi\u00f3n al Doctorado (SiGeDoc) Manual de Usuario Diagrama de flujo Organigramas Organigramas de la administraci\u00f3n central de la FCEyN-UBA Proyectos de gesti\u00f3n Plan Operativo 2016-2017, Subsecretar\u00eda de Gesti\u00f3n, FCEyN-UBA. Actividades deSeguir leyendo &rarr;<\/p>\n","protected":false},"author":1,"featured_media":0,"parent":0,"menu_order":0,"comment_status":"closed","ping_status":"closed","template":"","meta":[],"_links":{"self":[{"href":"https:\/\/sg.exactas.uba.ar\/gestion\/blog\/wp-json\/wp\/v2\/pages\/426"}],"collection":[{"href":"https:\/\/sg.exactas.uba.ar\/gestion\/blog\/wp-json\/wp\/v2\/pages"}],"about":[{"href":"https:\/\/sg.exactas.uba.ar\/gestion\/blog\/wp-json\/wp\/v2\/types\/page"}],"author":[{"embeddable":true,"href":"https:\/\/sg.exactas.uba.ar\/gestion\/blog\/wp-json\/wp\/v2\/users\/1"}],"replies":[{"embeddable":true,"href":"https:\/\/sg.exactas.uba.ar\/gestion\/blog\/wp-json\/wp\/v2\/comments?post=426"}],"version-history":[{"count":78,"href":"https:\/\/sg.exactas.uba.ar\/gestion\/blog\/wp-json\/wp\/v2\/pages\/426\/revisions"}],"predecessor-version":[{"id":1997,"href":"https:\/\/sg.exactas.uba.ar\/gestion\/blog\/wp-json\/wp\/v2\/pages\/426\/revisions\/1997"}],"wp:attachment":[{"href":"https:\/\/sg.exactas.uba.ar\/gestion\/blog\/wp-json\/wp\/v2\/media?parent=426"}],"curies":[{"name":"wp","href":"https:\/\/api.w.org\/{rel}","templated":true}]}}