{"id":7,"date":"2014-05-15T14:47:32","date_gmt":"2014-05-15T14:47:32","guid":{"rendered":"http:\/\/calidadymejora.wordpress.com\/?page_id=7"},"modified":"2021-06-24T18:00:10","modified_gmt":"2021-06-24T18:00:10","slug":"herramientas","status":"publish","type":"page","link":"https:\/\/sg.exactas.uba.ar\/gestion\/blog\/herramientas\/","title":{"rendered":"Herramientas"},"content":{"rendered":"\n<p>En este espacio rese\u00f1aremos algunas de las herramientas y metodolog\u00edas utilizadas. Siempre que podemos elegir usamos<a href=\"http:\/\/es.wikipedia.org\/wiki\/Software_libre\" target=\"_blank\" rel=\"noopener\"> software libre<\/a>.<\/p>\n\n\n\n<div class=\"is-layout-flex wp-container-3 wp-block-columns\">\n<div class=\"is-layout-flow wp-block-column\">\n<ul><li>Blog. Como tecnolog\u00eda para el blog elegimos <a href=\"http:\/\/www.wordpress.org\/\" target=\"_blank\" rel=\"noopener\">wordpress<\/a>.<\/li><li>Organigramas. Para hacer los organigramas usamos <a href=\"http:\/\/es.libreoffice.org\/\" target=\"_blank\" rel=\"noopener\">LibreOffice<\/a> <a href=\"http:\/\/es.libreoffice.org\/caracteristicas\/draw\/\" target=\"_blank\" rel=\"noopener\">Draw<\/a>.<\/li><li>Gesti\u00f3n visual de tareas. Nos gusta usar tableros f\u00edsicos. Para equipos deslocalizados, usamos <a href=\"http:\/\/www.trello.com\/\" target=\"_blank\" rel=\"noopener\">Trello<\/a>.<\/li><li>Retroalimentaci\u00f3n. <a href=\"https:\/\/www.limesurvey.org\/\" target=\"_blank\" rel=\"noopener\">Limesurvey<\/a> es la herramienta que utilizamos para hacer encuestas.<\/li><li>ERM (Eventos R\u00e1pidos de Mejora), como herramienta de <a href=\"http:\/\/es.wikipedia.org\/wiki\/Kaizen\" target=\"_blank\" rel=\"noopener\">Kaizen<\/a> (mejora continua).<\/li><li>Para videollamadas, videoconferencias y reuniones virtuales, usamos <a href=\"https:\/\/zoom.us\/\" target=\"_blank\" rel=\"noopener\">Zoom<\/a>.<\/li><li>Tableros colaborativos. Usamos <a href=\"https:\/\/miro.com\/app\/\" target=\"_blank\" rel=\"noopener\">Miro<\/a> para generar tableros colaborativos virtuales en tiempo real.<\/li><\/ul>\n<\/div>\n\n\n\n<div class=\"is-layout-flow wp-block-column\">\n<ul><li><a rel=\"noopener\" href=\"http:\/\/es.wikipedia.org\/wiki\/5S\" target=\"_blank\">5S<\/a> (relacionada con la organizaci\u00f3n del espacio de trabajo)<\/li><li><a rel=\"noopener\" href=\"http:\/\/es.wikipedia.org\/wiki\/Mapa_del_flujo_de_valor\" target=\"_blank\">Value Stream Mapping<\/a> (VSM) (mapeo del flujo de valor en los procesos)<\/li><li><a rel=\"noopener\" href=\"https:\/\/www.jpattonassociates.com\/user-story-mapping\/\" target=\"_blank\">Story Mapping<\/a>, para organizar nuestro Product Backlog<\/li><li><a rel=\"noopener\" href=\"http:\/\/es.wikipedia.org\/wiki\/Kanban\" target=\"_blank\">Kanban<\/a> (dispositivos para limitar el trabajo en progreso y generar sistemas pull)<\/li><li><a rel=\"noopener\" href=\"http:\/\/es.wikipedia.org\/wiki\/An%C3%A1lisis_de_causa_ra%C3%ADz\" target=\"_blank\">An\u00e1lisis de Causa Ra\u00edz<\/a>. \u00c1rbol de problemas, Diagrama de Ishikawa, 5 por qu\u00e9s.<\/li><li>Participaci\u00f3n virtual. Para hacer preguntas, encuestas y juegos virtuales, usamos <a rel=\"noopener\" href=\"https:\/\/www.mentimeter.com\/\" target=\"_blank\">Menti<\/a>.<\/li><li>Lean Coffee. Para generar un tablero de ideas y permitir votarlas online usamos <a rel=\"noopener\" href=\"https:\/\/www.slido.com\/\" target=\"_blank\">Slido<\/a>.<\/li><\/ul>\n<\/div>\n<\/div>\n","protected":false},"excerpt":{"rendered":"<p>En este espacio rese\u00f1aremos algunas de las herramientas y metodolog\u00edas utilizadas. Siempre que podemos elegir usamos software libre. Blog. Como tecnolog\u00eda para el blog elegimos wordpress. Organigramas. Para hacer los organigramas usamos LibreOffice Draw. Gesti\u00f3n visual de tareas. Nos gusta usar tableros f\u00edsicos. Para equipos deslocalizados, usamos Trello. Retroalimentaci\u00f3n. Limesurvey es la herramienta que utilizamosSeguir leyendo &rarr;<\/p>\n","protected":false},"author":1,"featured_media":0,"parent":0,"menu_order":0,"comment_status":"closed","ping_status":"closed","template":"","meta":[],"_links":{"self":[{"href":"https:\/\/sg.exactas.uba.ar\/gestion\/blog\/wp-json\/wp\/v2\/pages\/7"}],"collection":[{"href":"https:\/\/sg.exactas.uba.ar\/gestion\/blog\/wp-json\/wp\/v2\/pages"}],"about":[{"href":"https:\/\/sg.exactas.uba.ar\/gestion\/blog\/wp-json\/wp\/v2\/types\/page"}],"author":[{"embeddable":true,"href":"https:\/\/sg.exactas.uba.ar\/gestion\/blog\/wp-json\/wp\/v2\/users\/1"}],"replies":[{"embeddable":true,"href":"https:\/\/sg.exactas.uba.ar\/gestion\/blog\/wp-json\/wp\/v2\/comments?post=7"}],"version-history":[{"count":22,"href":"https:\/\/sg.exactas.uba.ar\/gestion\/blog\/wp-json\/wp\/v2\/pages\/7\/revisions"}],"predecessor-version":[{"id":1683,"href":"https:\/\/sg.exactas.uba.ar\/gestion\/blog\/wp-json\/wp\/v2\/pages\/7\/revisions\/1683"}],"wp:attachment":[{"href":"https:\/\/sg.exactas.uba.ar\/gestion\/blog\/wp-json\/wp\/v2\/media?parent=7"}],"curies":[{"name":"wp","href":"https:\/\/api.w.org\/{rel}","templated":true}]}}